{"id":763,"date":"2020-08-30T22:12:27","date_gmt":"2020-08-30T21:12:27","guid":{"rendered":"http:\/\/www.rennikjanneggers.com\/?page_id=763"},"modified":"2020-08-30T22:12:27","modified_gmt":"2020-08-30T21:12:27","slug":"previous-work","status":"publish","type":"page","link":"https:\/\/www.rennikjanneggers.com\/index.php\/previous-work\/","title":{"rendered":"PREVIOUS WORK"},"content":{"rendered":"<ul class=\"wp-block-latest-posts__list wp-block-latest-posts\"><li><a class=\"wp-block-latest-posts__post-title\" href=\"https:\/\/www.rennikjanneggers.com\/index.php\/2026\/02\/27\/the-bear-salix-kameropera\/\">The Bear | SALIX kameropera<\/a><div class=\"wp-block-latest-posts__post-excerpt\">This is a full (technical) recording of the pre-dress rehearsal of The Bear in Het Motorblok in Zaandam. TeamMusical direction: Ben WeishauptStaging and scenography: Rennik-Jan NeggersLight:\u00a0Vincent HoogstraArtistic cooperation:\u00a0Judy Lijdsman CastPopova: Lucie van ReeSmirnov: Jorne van BergeijkLuka: Fabian Homburg Understudy Smirnov:&nbsp;Fredrik Essunger SALIX-ensemblePiano: Ben WeishauptViool:&nbsp;Nat\u00e1lie KulinaPercussie:&nbsp;Helmer BijlFagot:&nbsp;Noortje van DoornHarp:&nbsp;Michela Zanoni<\/div><\/li>\n<li><a class=\"wp-block-latest-posts__post-title\" href=\"https:\/\/www.rennikjanneggers.com\/index.php\/2026\/02\/27\/transformations-dutch-national-opera-academy\/\">Transformations | Dutch National Opera Academy<\/a><div class=\"wp-block-latest-posts__post-excerpt\">This is a full (technical) recording of the premi\u00e8re of Transformations in Amare in The Hague. Team:Musical direction: Sam WellerStaging and set-design: Rennik-Jan NeggersCostume and set-design: Sanne OostervinkLight design: Jasper NijholtPhysical dramaturgy: Tom de Ronde Performers:#1 \u2013 Thalia Cook-Hansen&nbsp;\/ Elisa Maayeshi#2 Anne Sexton \u2013 Samantha Faina \/ Hannah Gries#3 Femke Hulsman&nbsp;\/ Rommie Rochell&nbsp;#4 Sterre Decru&nbsp;\/\u2026 <a class=\"wp-block-latest-posts__read-more\" href=\"https:\/\/www.rennikjanneggers.com\/index.php\/2026\/02\/27\/transformations-dutch-national-opera-academy\/\" rel=\"noopener noreferrer\">Read more<span class=\"screen-reader-text\">: Transformations | Dutch National Opera Academy<\/span><\/a><\/div><\/li>\n<li><a class=\"wp-block-latest-posts__post-title\" href=\"https:\/\/www.rennikjanneggers.com\/index.php\/2026\/02\/06\/the-cunning-little-vixen-reisopera\/\">The Cunning Little Vixen | Reisopera<\/a><div class=\"wp-block-latest-posts__post-excerpt\">This is a full (technical) recording of the premi\u00e8re of The Cunning Little Vixen on 22 January 2026 in the Wilminktheater in Enschede. Team:Musical direction: Pieter-Jelle de BoerStaging: Rennik-Jan NeggersSet-design: Sebastian HannakCostume-design: Sarah Mittenb\u00fchlerLight design: Alex BrokMovement Director: Vir\u00e1g Dezs\u00f6 Little Vixen: Laetitia GerardsForester: Jasper LeeverFox: Polly LeechHara\u0161ta\/Lapak: Huub ClaessensPriest\/Badger: Martijn SandersSchoolmaster\/Mosquito: Mark OmvleeForester\u2019s Wife\/Owl:\u2026 <a class=\"wp-block-latest-posts__read-more\" href=\"https:\/\/www.rennikjanneggers.com\/index.php\/2026\/02\/06\/the-cunning-little-vixen-reisopera\/\" rel=\"noopener noreferrer\">Read more<span class=\"screen-reader-text\">: The Cunning Little Vixen | Reisopera<\/span><\/a><\/div><\/li>\n<li><a class=\"wp-block-latest-posts__post-title\" href=\"https:\/\/www.rennikjanneggers.com\/index.php\/2026\/02\/03\/2094\/\">(no title)<\/a><div class=\"wp-block-latest-posts__post-excerpt\">THE CUNNING LITTLE VIXEN Role:Stage-director Producer:Dutch National Touring Opera Material:Pr\u00edhody lisky Bystrousky (1923), an opera in three acts by Leos Jan\u00e1cek (1854-1928), in a new Dutch sung translation by Jibbe Willems. In The cunning little Vixen, we follow the story of the Cunning Fox and the Forester, in which the influence of humans on nature\u2026 <a class=\"wp-block-latest-posts__read-more\" href=\"https:\/\/www.rennikjanneggers.com\/index.php\/2026\/02\/03\/2094\/\" rel=\"noopener noreferrer\">Read more<span class=\"screen-reader-text\">: (no title)<\/span><\/a><\/div><\/li>\n<li><a class=\"wp-block-latest-posts__post-title\" href=\"https:\/\/www.rennikjanneggers.com\/index.php\/2025\/12\/09\/t\/\">Premi\u00e8re &#8216;Het Sluwe Vosje&#8217;<\/a><div class=\"wp-block-latest-posts__post-excerpt\">If you wish to attend the premi\u00e8re of Jan\u00e1\u010deks &#8216;Het Sluwe Vosje&#8217; at the Dutch National Touring Opera on 22 January 2026 in Enschede, please submit the form below. If you wish to attend any of the other shows, please indicate in the comment field. Full tourlist can be found below. 24 January &#8211; The\u2026 <a class=\"wp-block-latest-posts__read-more\" href=\"https:\/\/www.rennikjanneggers.com\/index.php\/2025\/12\/09\/t\/\" rel=\"noopener noreferrer\">Read more<span class=\"screen-reader-text\">: Premi\u00e8re &#8216;Het Sluwe Vosje&#8217;<\/span><\/a><\/div><\/li>\n<li><a class=\"wp-block-latest-posts__post-title\" href=\"https:\/\/www.rennikjanneggers.com\/index.php\/2024\/06\/13\/1991\/\">(no title)<\/a><div class=\"wp-block-latest-posts__post-excerpt\">THE APPLE TREE Role:Staging Producer:Stadttheater Bremerhaven Venue:Stadttheater Bremerhaven, Bremerhaven \u2013 16 March 2024More information on&nbsp;https:\/\/stadttheaterbremerhaven.de\/the-apple-tree\/ Material:The Apple Tree, a musical by Jerry Bock (1928-2010) and Sheldon Harnick (1924-2023). Translated to German by Hartmut H. Forche for the world premi\u00e8re of the piece performed in German at Stadttheater Bremerhaven. Cast &amp; team:Musical direction: Davide PerniceniStaging: Rennik-Jan\u2026 <a class=\"wp-block-latest-posts__read-more\" href=\"https:\/\/www.rennikjanneggers.com\/index.php\/2024\/06\/13\/1991\/\" rel=\"noopener noreferrer\">Read more<span class=\"screen-reader-text\">: (no title)<\/span><\/a><\/div><\/li>\n<li><a class=\"wp-block-latest-posts__post-title\" href=\"https:\/\/www.rennikjanneggers.com\/index.php\/2024\/03\/26\/le-bal-masque\/\">(no title)<\/a><div class=\"wp-block-latest-posts__post-excerpt\">LE BAL MASQU\u00c9 Role:Staging and scenography Producer:SALIX kameropera Venue:Next performance will be in September. The exact information will be announced soon on https:\/\/www.salixkameropera.nl\/le-bal-masque\/ Material:Le Bal Masqu\u00e9, by Francis Poulenc (1899-1963) Le Bal Masqu\u00e9&nbsp;is a \u2018fusion\u2019 opera about a woman who learns the hard way that the line dividing expectations and illusions is as thin as\u2026 <a class=\"wp-block-latest-posts__read-more\" href=\"https:\/\/www.rennikjanneggers.com\/index.php\/2024\/03\/26\/le-bal-masque\/\" rel=\"noopener noreferrer\">Read more<span class=\"screen-reader-text\">: (no title)<\/span><\/a><\/div><\/li>\n<li><a class=\"wp-block-latest-posts__post-title\" href=\"https:\/\/www.rennikjanneggers.com\/index.php\/2024\/03\/26\/transformations\/\">(no title)<\/a><div class=\"wp-block-latest-posts__post-excerpt\">TRANSFORMATIONS Role:Staging Producer:Dutch National Opera Academy Material:Transformations, an entertainment in two acts from the book of Anne Sexton by Conrad Susa (1935-2013) Transformations promises an evening with \u201csmall comic masterpieces: grotesque, erotic, sly, and playful\u201d. Poet Anne Sexton, self-proclaimed \u2018mother of the insane\u2019, transformed Grimm fairy tales into her own poetic language. Sexton\u2019s sharp and\u2026 <a class=\"wp-block-latest-posts__read-more\" href=\"https:\/\/www.rennikjanneggers.com\/index.php\/2024\/03\/26\/transformations\/\" rel=\"noopener noreferrer\">Read more<span class=\"screen-reader-text\">: (no title)<\/span><\/a><\/div><\/li>\n<li><a class=\"wp-block-latest-posts__post-title\" href=\"https:\/\/www.rennikjanneggers.com\/index.php\/2023\/10\/29\/upcoming\/\">(no title)<\/a><div class=\"wp-block-latest-posts__post-excerpt\"><\/div><\/li>\n<li><a class=\"wp-block-latest-posts__post-title\" href=\"https:\/\/www.rennikjanneggers.com\/index.php\/2023\/10\/28\/press\/\">(no title)<\/a><div class=\"wp-block-latest-posts__post-excerpt\"><\/div><\/li>\n<\/ul>","protected":false},"excerpt":{"rendered":"","protected":false},"author":1,"featured_media":0,"parent":0,"menu_order":0,"comment_status":"closed","ping_status":"closed","template":"","meta":{"h5ap_radio_sources":[],"footnotes":""},"class_list":["post-763","page","type-page","status-publish","hentry"],"_links":{"self":[{"href":"https:\/\/www.rennikjanneggers.com\/index.php\/wp-json\/wp\/v2\/pages\/763","targetHints":{"allow":["GET"]}}],"collection":[{"href":"https:\/\/www.rennikjanneggers.com\/index.php\/wp-json\/wp\/v2\/pages"}],"about":[{"href":"https:\/\/www.rennikjanneggers.com\/index.php\/wp-json\/wp\/v2\/types\/page"}],"author":[{"embeddable":true,"href":"https:\/\/www.rennikjanneggers.com\/index.php\/wp-json\/wp\/v2\/users\/1"}],"replies":[{"embeddable":true,"href":"https:\/\/www.rennikjanneggers.com\/index.php\/wp-json\/wp\/v2\/comments?post=763"}],"version-history":[{"count":2,"href":"https:\/\/www.rennikjanneggers.com\/index.php\/wp-json\/wp\/v2\/pages\/763\/revisions"}],"predecessor-version":[{"id":941,"href":"https:\/\/www.rennikjanneggers.com\/index.php\/wp-json\/wp\/v2\/pages\/763\/revisions\/941"}],"wp:attachment":[{"href":"https:\/\/www.rennikjanneggers.com\/index.php\/wp-json\/wp\/v2\/media?parent=763"}],"curies":[{"name":"wp","href":"https:\/\/api.w.org\/{rel}","templated":true}]}}